{"id":163,"date":"2017-10-09T01:49:22","date_gmt":"2017-10-08T23:49:22","guid":{"rendered":"http:\/\/www.rienkstuut.nl\/?page_id=163"},"modified":"2017-10-09T01:49:22","modified_gmt":"2017-10-08T23:49:22","slug":"bibliotheken","status":"publish","type":"page","link":"https:\/\/www.rienkstuut.nl\/?page_id=163","title":{"rendered":"Bibliotheken"},"content":{"rendered":"<p>Deze links verwijzen naar homeopathsiche bibliotheken die online zijn te bereiken.<\/p>\n<p>Zelf ben ik beheerder van de homeopathische collectie in Nederland, die als bijzondere collectie gehuisvest is in de <a href=\"http:\/\/www.uu.nl\/university\/library\/NL\/Pages\/default.aspx\" target=\"_blank\" rel=\"noopener\">bibliotheek van de Rijksuniversiteit van Utrecht (De Uithof)<\/a>.<\/p>\n<p>De collectie \u00a0is natuurlijk slechts een klein onderdeel van de zeer grote collectie.<\/p>\n<p>Wanneer u boeken wilt lenen heeft u een <a href=\"http:\/\/www.uu.nl\/university\/library\/NL\/informatie\/lenen\/Pages\/default.aspx#lenerspas\" target=\"_blank\" rel=\"noopener\">lenerspas<\/a> nodig (\u20ac 50, &#8211; per jaar, maar gratis voor studenten en mederwerkers van de universiteit). Daarmee kunt u natuurlijk ook de andere boeken lenen.<\/p>\n<p>Ik heb aan de homeopathische collectie het trefwoord &#8220;homeopathie&#8221; laten toekennen, zodat de boeken van de collectie gemakkelijk te vinden zijn.<\/p>\n<p>De laatste link van het rijtje verwijst naar de <a href=\"http:\/\/www.homeopathyeurope.org\/\" target=\"_blank\" rel=\"noopener\">website van ECH<\/a> (European Committee for Homeopathy). Daar staat een <a href=\"http:\/\/www.homeopathyeurope.org\/publications\/documentation-resources\" target=\"_blank\" rel=\"noopener\">online gids (IGHDR)<\/a> met informatie van zeer veel bibliotheken over de gehele wereld. Ook bibliotheken, die hun collectie nog niet online toegankelijk hebben gemaakt.<\/p>\n<p><a href=\"http:\/\/www.uu.nl\/university\/library\/EN\/Pages\/default.aspx\" target=\"_blank\" rel=\"noopener\">Bibliotheek Rijksuniversiteit van Utrecht (homeopathische collectie)<\/a><br \/>\n&#8216;The homeopathic collection is situated in the University Library of Utrecht. All books and journals can be found in the calalogue by &#8220;search homeopathy&#8221;.<\/p>\n<p><a href=\"http:\/\/www.uu.nl\/university\/library\/EN\/Pages\/default.aspx\" target=\"_blank\" rel=\"noopener\">CAMLIS &#8211;\u00a0 Complementary and Alternative Medicine Library and Information Service<\/a><br \/>\nCollection of the \u00a0Royal Hospital of Integrative Medicine in London<\/p>\n<p><a href=\"http:\/\/www.uu.nl\/university\/library\/EN\/Pages\/default.aspx\" target=\"_blank\" rel=\"noopener\">Hom\u00f6opathische Bibliothek Hamburg (HBH) and Europ\u00e4ische Bibliothek f\u00fcr Hom\u00f6opathie K\u00f6then(EBH)<\/a><br \/>\nCollobaration of two libraries. In K\u00f6then Hahnemann, the founder of Homeopathy, spend an important periode of his life.<\/p>\n<p><a href=\"http:\/\/julianwinston.com\/archives\/index.php\" target=\"_blank\" rel=\"noopener\">Library of Julian Winston<\/a> (1941-2005) in New Zealand.<br \/>\nPDF with journal and books on website.<\/p>\n<p><a href=\"http:\/\/www.homeopathyeurope.org\/publications\/documentation-resources\" target=\"_blank\" rel=\"noopener\">The International Guide on Homeopathic Documentation Resources (IGHDR)<\/a> of the ECH\u00a0which gives extensive information about libraries all over the world.<\/p>\n","protected":false},"excerpt":{"rendered":"<p>Deze links verwijzen naar homeopathsiche bibliotheken die online zijn te bereiken. Zelf ben ik beheerder van de homeopathische collectie in Nederland, die als bijzondere collectie gehuisvest is in de bibliotheek van de Rijksuniversiteit van Utrecht (De Uithof). De collectie \u00a0is natuurlijk slechts een klein onderdeel van de zeer grote collectie. Wanneer u boeken wilt lenen &hellip; <\/p>\n<p class=\"link-more\"><a href=\"https:\/\/www.rienkstuut.nl\/?page_id=163\" class=\"more-link\">Lees verder <span class=\"screen-reader-text\">&#8220;Bibliotheken&#8221;<\/span><\/a><\/p>\n","protected":false},"author":1,"featured_media":0,"parent":49,"menu_order":0,"comment_status":"closed","ping_status":"closed","template":"","meta":{"footnotes":""},"class_list":["post-163","page","type-page","status-publish","hentry"],"_links":{"self":[{"href":"https:\/\/www.rienkstuut.nl\/index.php?rest_route=\/wp\/v2\/pages\/163","targetHints":{"allow":["GET"]}}],"collection":[{"href":"https:\/\/www.rienkstuut.nl\/index.php?rest_route=\/wp\/v2\/pages"}],"about":[{"href":"https:\/\/www.rienkstuut.nl\/index.php?rest_route=\/wp\/v2\/types\/page"}],"author":[{"embeddable":true,"href":"https:\/\/www.rienkstuut.nl\/index.php?rest_route=\/wp\/v2\/users\/1"}],"replies":[{"embeddable":true,"href":"https:\/\/www.rienkstuut.nl\/index.php?rest_route=%2Fwp%2Fv2%2Fcomments&post=163"}],"version-history":[{"count":1,"href":"https:\/\/www.rienkstuut.nl\/index.php?rest_route=\/wp\/v2\/pages\/163\/revisions"}],"predecessor-version":[{"id":164,"href":"https:\/\/www.rienkstuut.nl\/index.php?rest_route=\/wp\/v2\/pages\/163\/revisions\/164"}],"up":[{"embeddable":true,"href":"https:\/\/www.rienkstuut.nl\/index.php?rest_route=\/wp\/v2\/pages\/49"}],"wp:attachment":[{"href":"https:\/\/www.rienkstuut.nl\/index.php?rest_route=%2Fwp%2Fv2%2Fmedia&parent=163"}],"curies":[{"name":"wp","href":"https:\/\/api.w.org\/{rel}","templated":true}]}}